{"id":92,"date":"2015-11-26T14:42:51","date_gmt":"2015-11-26T13:42:51","guid":{"rendered":"http:\/\/www.chez-claire-et-eric.fr\/?page_id=92"},"modified":"2024-06-19T15:12:39","modified_gmt":"2024-06-19T14:12:39","slug":"venir-2","status":"publish","type":"page","link":"https:\/\/www.chez-claire-et-eric.fr\/?page_id=92","title":{"rendered":"Venir"},"content":{"rendered":"<ul>\n<li><strong>Vols au d\u00e9part de Paris :<\/strong><\/li>\n<\/ul>\n<p>3 compagnies desservent Pointe \u00e0 Pitre :<strong><br \/><\/strong><\/p>\n<p><strong><a href=\"http:\/\/www.airfrance.fr\" target=\"_blank\" rel=\"noopener noreferrer\"><img loading=\"lazy\" decoding=\"async\" class=\"alignnone size-full wp-image-128\" src=\"http:\/\/www.chez-claire-et-eric.fr\/wp-content\/uploads\/2015\/11\/Air-France-logo-e1448549199270.jpg\" alt=\"Air France logo\" width=\"200\" height=\"40\" \/><\/a><a href=\"http:\/\/www.aircaraibes.com\" target=\"_blank\" rel=\"noopener noreferrer\"><img loading=\"lazy\" decoding=\"async\" class=\"size-full wp-image-124 alignnone\" src=\"http:\/\/www.chez-claire-et-eric.fr\/wp-content\/uploads\/2015\/11\/Air-Cara\u00efbes-Logo-e1448549227242.jpg\" alt=\"Air Cara\u00efbes Logo\" width=\"200\" height=\"66\" \/><\/a><\/strong><\/p>\n<p><a href=\"http:\/\/www.corsair.fr\" target=\"_blank\" rel=\"noopener noreferrer\"><img loading=\"lazy\" decoding=\"async\" class=\"alignnone wp-image-126 size-full\" src=\"http:\/\/www.chez-claire-et-eric.fr\/wp-content\/uploads\/2015\/11\/Corsair-Logo-e1448549270634.jpg\" alt=\"Corsair Logo\" width=\"200\" height=\"51\" \/><\/a><\/p>\n<p>Les derniers bateaux partant de Trois Rivi\u00e8res \u00e0 destination de Terre-de-Haut sont \u00e0 16h30 et 17h30 (en saison). Comptez une heure de transfert en voiture entre P\u00f4le Cara\u00efbes et le port d&#8217;embarquement.<\/p>\n<p><strong><em>Pour \u00e9viter de passer une nuit en Guadeloupe, choisissez un vol arrivant avant 15h \u00e0 Pointe \u00e0 Pitre.<\/em><\/strong><\/p>\n<ul>\n<li><strong>Transfert a\u00e9roport vers Trois-Rivi\u00e8res :<\/strong><\/li>\n<\/ul>\n<p>Vous pouvez r\u00e9server votre taxi depuis la m\u00e9tropole pour le transfert avec :<\/p>\n<p><a href=\"http:\/\/www.karibtours.com\" target=\"_blank\" rel=\"noopener noreferrer\"><img loading=\"lazy\" decoding=\"async\" class=\"alignnone wp-image-130 size-full\" src=\"http:\/\/www.chez-claire-et-eric.fr\/wp-content\/uploads\/2015\/11\/KaribTours-logo.jpg\" alt=\"KaribTours logo\" width=\"200\" height=\"108\" \/><\/a> \u00a0 ou\u00a0 \u00a0 Ken : 06 90 53 36 85<\/p>\n<p>ou Jules Neriny : 0690 76 45 45<\/p>\n<p>(environ 70\u20ac)<\/p>\n<p><strong><em>Dans le cas o\u00f9 votre avion serait en retard, pr\u00e9f\u00e9rez passer la nuit \u00e0 Trois Rivi\u00e8res, vos taxis, si vous leur demandez, peuvent r\u00e9server et vous conduire \u00e0 un g\u00eete.<\/em> <\/strong><\/p>\n<ul>\n<li><strong>Navettes Trois Rivi\u00e8res \/ Terre de Haut :<\/strong><\/li>\n<\/ul>\n<p>Vous pouvez r\u00e9server votre billet de <strong>navette<\/strong> en ligne ou dans les billetteries \u00e0 Trois Rivi\u00e8res. Comptez une demie heure de travers\u00e9e.<\/p>\n<p><strong><a href=\"http:\/\/www.ctmdeher.com\" target=\"_blank\" rel=\"noopener noreferrer\">CTM Deher<\/a><\/strong><\/p>\n<p><strong><a href=\"http:\/\/www.valferry.fr\" target=\"_blank\" rel=\"noopener noreferrer\">Val Ferry<\/a><\/strong><\/p>\n<ul>\n<li><strong>A Terre de Haut<\/strong>\u00a0<span style=\"color: #000000;\"> pour faciliter votre arriv\u00e9e nous vous conseillons de<strong> r\u00e9server un taxi <\/strong><\/span>qui vous conduira avec\u00a0vos bagages \u00e0 l&rsquo;appartement :<\/li>\n<\/ul>\n<p><strong><a href=\"http:\/\/terredehauttourisme.com\/transport-deplacements\/jean-paul-taxi\">Jean-Paul<\/a><\/strong> (0690 30 56 80 ou 0690 48 64 60),<\/p>\n<p>Richard Vincent : 0690 37 95 94\u00a0 \u00a0 \u00a0 \u00a0 \u00a0(une vingtaine d&rsquo;euros)<\/p>\n<p><a href=\"http:\/\/www.chez-claire-et-eric.fr\/wp-content\/uploads\/2015\/11\/plan-dacc\u00e8c-chez-Claire-Eric.jpg\"><img loading=\"lazy\" decoding=\"async\" class=\"aligncenter size-full wp-image-285\" src=\"http:\/\/www.chez-claire-et-eric.fr\/wp-content\/uploads\/2015\/11\/plan-dacc\u00e8c-chez-Claire-Eric.jpg\" alt=\"plan d'acc\u00e8c chez Claire &amp; Eric\" width=\"1280\" height=\"960\" srcset=\"https:\/\/www.chez-claire-et-eric.fr\/wp-content\/uploads\/2015\/11\/plan-dacc\u00e8c-chez-Claire-Eric.jpg 1280w, https:\/\/www.chez-claire-et-eric.fr\/wp-content\/uploads\/2015\/11\/plan-dacc\u00e8c-chez-Claire-Eric-300x225.jpg 300w, https:\/\/www.chez-claire-et-eric.fr\/wp-content\/uploads\/2015\/11\/plan-dacc\u00e8c-chez-Claire-Eric-1024x768.jpg 1024w\" sizes=\"(max-width: 1280px) 100vw, 1280px\" \/><\/a><\/p>\n<p>si vous devez passer une nuit en Guadeloupe, nous vous conseillons 3 g\u00eetes \u00e0 Trois Rivi\u00e8res<\/p>\n<p>Kaz \u00e0 Flo :\u00a0<a href=\"http:\/\/giteskasaflo.com\/\">http:\/\/giteskasaflo.com\/<\/a><\/p>\n<p>Diva chez Dora : 0690 73 30 03 qui a l&rsquo;avantage de faire table d&rsquo;h\u00f4te<\/p>\n<p>Bel z&rsquo;iguane 0690 69 19 23<\/p>\n\n\n<p><\/p>\n\n\n\n<p><\/p>\n","protected":false},"excerpt":{"rendered":"<p>Vols au d\u00e9part de Paris : 3 compagnies desservent Pointe \u00e0 Pitre : Les derniers bateaux partant de Trois Rivi\u00e8res \u00e0 destination de Terre-de-Haut sont \u00e0 16h30 et 17h30 (en saison). Comptez une heure de transfert en voiture entre P\u00f4le Cara\u00efbes et le port d&#8217;embarquement. Pour \u00e9viter de passer une nuit en Guadeloupe, choisissez un &hellip; <a href=\"https:\/\/www.chez-claire-et-eric.fr\/?page_id=92\" class=\"more-link\">Continuer la lecture<span class=\"screen-reader-text\"> de <span class=\"screen-reader-text\">Venir<\/span><\/span>&nbsp;<span class=\"meta-nav\">&rarr;<\/span><\/a><\/p>\n","protected":false},"author":1,"featured_media":0,"parent":0,"menu_order":0,"comment_status":"closed","ping_status":"closed","template":"","meta":{"footnotes":""},"class_list":["post-92","page","type-page","status-publish","hentry"],"_links":{"self":[{"href":"https:\/\/www.chez-claire-et-eric.fr\/index.php?rest_route=\/wp\/v2\/pages\/92"}],"collection":[{"href":"https:\/\/www.chez-claire-et-eric.fr\/index.php?rest_route=\/wp\/v2\/pages"}],"about":[{"href":"https:\/\/www.chez-claire-et-eric.fr\/index.php?rest_route=\/wp\/v2\/types\/page"}],"author":[{"embeddable":true,"href":"https:\/\/www.chez-claire-et-eric.fr\/index.php?rest_route=\/wp\/v2\/users\/1"}],"replies":[{"embeddable":true,"href":"https:\/\/www.chez-claire-et-eric.fr\/index.php?rest_route=%2Fwp%2Fv2%2Fcomments&post=92"}],"version-history":[{"count":42,"href":"https:\/\/www.chez-claire-et-eric.fr\/index.php?rest_route=\/wp\/v2\/pages\/92\/revisions"}],"predecessor-version":[{"id":1689,"href":"https:\/\/www.chez-claire-et-eric.fr\/index.php?rest_route=\/wp\/v2\/pages\/92\/revisions\/1689"}],"wp:attachment":[{"href":"https:\/\/www.chez-claire-et-eric.fr\/index.php?rest_route=%2Fwp%2Fv2%2Fmedia&parent=92"}],"curies":[{"name":"wp","href":"https:\/\/api.w.org\/{rel}","templated":true}]}}