{"id":80,"date":"2015-11-26T14:40:33","date_gmt":"2015-11-26T13:40:33","guid":{"rendered":"http:\/\/www.chez-claire-et-eric.fr\/?page_id=80"},"modified":"2024-06-10T19:15:57","modified_gmt":"2024-06-10T18:15:57","slug":"le-gite-3","status":"publish","type":"page","link":"https:\/\/www.chez-claire-et-eric.fr\/?page_id=80","title":{"rendered":"Le G\u00eete"},"content":{"rendered":"<p><strong>\u00a0 \u00a0 \u00a0 \u00a0 Face \u00e0 la baie des Saintes, avec vue sur la soufri\u00e8re, un appartement de charme enti\u00e8rement climatis\u00e9<br \/>\n<\/strong><\/p>\n<p><a href=\"http:\/\/www.chez-claire-et-eric.fr\/wp-content\/uploads\/2016\/03\/vue-appart.jpg\" rel=\"attachment wp-att-627\"><img loading=\"lazy\" decoding=\"async\" class=\"size-full wp-image-627 alignnone\" src=\"http:\/\/www.chez-claire-et-eric.fr\/wp-content\/uploads\/2016\/03\/vue-appart.jpg\" alt=\"vue appart\" width=\"1280\" height=\"720\" srcset=\"https:\/\/www.chez-claire-et-eric.fr\/wp-content\/uploads\/2016\/03\/vue-appart.jpg 1280w, https:\/\/www.chez-claire-et-eric.fr\/wp-content\/uploads\/2016\/03\/vue-appart-300x169.jpg 300w, https:\/\/www.chez-claire-et-eric.fr\/wp-content\/uploads\/2016\/03\/vue-appart-768x432.jpg 768w, https:\/\/www.chez-claire-et-eric.fr\/wp-content\/uploads\/2016\/03\/vue-appart-1024x576.jpg 1024w\" sizes=\"(max-width: 1280px) 100vw, 1280px\" \/><\/a><\/p>\n<p>Sous une magnifique charpente traditionnelle saintoise, l&rsquo;appartement dispose de :<\/p>\n<ul>\n<li>un grand s\u00e9jour\/salle \u00e0 manger\/salon avec une<strong> superbe vue sur la baie des Saintes<\/strong><\/li>\n<\/ul>\n<p><a href=\"http:\/\/www.chez-claire-et-eric.fr\/wp-content\/uploads\/2015\/11\/2015-08-12-GUADELOUPE-0116-Modifier.jpg\" rel=\"attachment wp-att-548\"><img loading=\"lazy\" decoding=\"async\" class=\"wp-image-548 size-large alignnone\" src=\"http:\/\/www.chez-claire-et-eric.fr\/wp-content\/uploads\/2015\/11\/2015-08-12-GUADELOUPE-0116-Modifier-1024x683.jpg\" alt=\"2015-08-12-GUADELOUPE-0116-Modifier\" width=\"604\" height=\"403\" srcset=\"https:\/\/www.chez-claire-et-eric.fr\/wp-content\/uploads\/2015\/11\/2015-08-12-GUADELOUPE-0116-Modifier-1024x683.jpg 1024w, https:\/\/www.chez-claire-et-eric.fr\/wp-content\/uploads\/2015\/11\/2015-08-12-GUADELOUPE-0116-Modifier-300x200.jpg 300w, https:\/\/www.chez-claire-et-eric.fr\/wp-content\/uploads\/2015\/11\/2015-08-12-GUADELOUPE-0116-Modifier-768x512.jpg 768w\" sizes=\"(max-width: 604px) 100vw, 604px\" \/><\/a><\/p>\n<ul>\n<li>une nouvelle table et une nouvelle vitre pour agrandir la vue<\/li>\n<\/ul>\n<p><a href=\"http:\/\/www.chez-claire-et-eric.fr\/wp-content\/uploads\/2015\/11\/appart.jpg\"><img loading=\"lazy\" decoding=\"async\" class=\"aligncenter size-full wp-image-774\" src=\"http:\/\/www.chez-claire-et-eric.fr\/wp-content\/uploads\/2015\/11\/appart.jpg\" alt=\"\" width=\"1280\" height=\"959\" srcset=\"https:\/\/www.chez-claire-et-eric.fr\/wp-content\/uploads\/2015\/11\/appart.jpg 1280w, https:\/\/www.chez-claire-et-eric.fr\/wp-content\/uploads\/2015\/11\/appart-300x225.jpg 300w, https:\/\/www.chez-claire-et-eric.fr\/wp-content\/uploads\/2015\/11\/appart-768x575.jpg 768w, https:\/\/www.chez-claire-et-eric.fr\/wp-content\/uploads\/2015\/11\/appart-1024x767.jpg 1024w\" sizes=\"(max-width: 1280px) 100vw, 1280px\" \/><\/a><\/p>\n<p><a href=\"http:\/\/www.chez-claire-et-eric.fr\/wp-content\/uploads\/2016\/07\/location-vacances-terre-de-haut-les-saintes-chez-claire-et-eric-7.jpg\" rel=\"attachment wp-att-671\"><img loading=\"lazy\" decoding=\"async\" class=\"size-full wp-image-671 alignnone\" src=\"http:\/\/www.chez-claire-et-eric.fr\/wp-content\/uploads\/2016\/07\/location-vacances-terre-de-haut-les-saintes-chez-claire-et-eric-7.jpg\" alt=\"location vacances terre de haut les saintes chez claire et eric (7)\" width=\"1280\" height=\"720\" srcset=\"https:\/\/www.chez-claire-et-eric.fr\/wp-content\/uploads\/2016\/07\/location-vacances-terre-de-haut-les-saintes-chez-claire-et-eric-7.jpg 1280w, https:\/\/www.chez-claire-et-eric.fr\/wp-content\/uploads\/2016\/07\/location-vacances-terre-de-haut-les-saintes-chez-claire-et-eric-7-300x169.jpg 300w, https:\/\/www.chez-claire-et-eric.fr\/wp-content\/uploads\/2016\/07\/location-vacances-terre-de-haut-les-saintes-chez-claire-et-eric-7-768x432.jpg 768w, https:\/\/www.chez-claire-et-eric.fr\/wp-content\/uploads\/2016\/07\/location-vacances-terre-de-haut-les-saintes-chez-claire-et-eric-7-1024x576.jpg 1024w\" sizes=\"(max-width: 1280px) 100vw, 1280px\" \/><\/a><\/p>\n<ul>\n<li><strong>wi-fi haut d\u00e9bit , tv <\/strong>avec<strong> Netflix, enceinte bluetooth<\/strong><\/li>\n<\/ul>\n<p><a href=\"http:\/\/www.chez-claire-et-eric.fr\/wp-content\/uploads\/2024\/05\/netflix.jpg\"><img loading=\"lazy\" decoding=\"async\" class=\"aligncenter size-full wp-image-1671\" src=\"http:\/\/www.chez-claire-et-eric.fr\/wp-content\/uploads\/2024\/05\/netflix.jpg\" alt=\"\" width=\"1200\" height=\"627\" srcset=\"https:\/\/www.chez-claire-et-eric.fr\/wp-content\/uploads\/2024\/05\/netflix.jpg 1200w, https:\/\/www.chez-claire-et-eric.fr\/wp-content\/uploads\/2024\/05\/netflix-300x157.jpg 300w, https:\/\/www.chez-claire-et-eric.fr\/wp-content\/uploads\/2024\/05\/netflix-1024x535.jpg 1024w, https:\/\/www.chez-claire-et-eric.fr\/wp-content\/uploads\/2024\/05\/netflix-768x401.jpg 768w\" sizes=\"(max-width: 1200px) 100vw, 1200px\" \/><\/a><\/p>\n<p><a href=\"http:\/\/www.chez-claire-et-eric.fr\/wp-content\/uploads\/2022\/04\/appart-Odile-2.jpg\"><img loading=\"lazy\" decoding=\"async\" class=\"aligncenter size-full wp-image-1568\" src=\"http:\/\/www.chez-claire-et-eric.fr\/wp-content\/uploads\/2022\/04\/appart-Odile-2.jpg\" alt=\"\" width=\"1280\" height=\"720\" srcset=\"https:\/\/www.chez-claire-et-eric.fr\/wp-content\/uploads\/2022\/04\/appart-Odile-2.jpg 1280w, https:\/\/www.chez-claire-et-eric.fr\/wp-content\/uploads\/2022\/04\/appart-Odile-2-300x169.jpg 300w, https:\/\/www.chez-claire-et-eric.fr\/wp-content\/uploads\/2022\/04\/appart-Odile-2-1024x576.jpg 1024w, https:\/\/www.chez-claire-et-eric.fr\/wp-content\/uploads\/2022\/04\/appart-Odile-2-768x432.jpg 768w\" sizes=\"(max-width: 1280px) 100vw, 1280px\" \/><\/a><\/p>\n<ul>\n<li><strong>une cuisine am\u00e9nag\u00e9e (<\/strong>4 plaques et four \u00e9lectrique<strong>, lave-vaisselle, <\/strong>cafeti\u00e8re traditionnelle, <strong>senseo expresso<\/strong>, bouilloire, micro-onde<strong>, r\u00e9frig\u00e9rateur\/cong\u00e9lateur, <\/strong>grille-pain)<\/li>\n<\/ul>\n<p><a href=\"http:\/\/www.chez-claire-et-eric.fr\/wp-content\/uploads\/2022\/04\/appart-Odile-5.jpg\"><img loading=\"lazy\" decoding=\"async\" class=\"aligncenter size-full wp-image-1571\" src=\"http:\/\/www.chez-claire-et-eric.fr\/wp-content\/uploads\/2022\/04\/appart-Odile-5.jpg\" alt=\"\" width=\"1280\" height=\"720\" srcset=\"https:\/\/www.chez-claire-et-eric.fr\/wp-content\/uploads\/2022\/04\/appart-Odile-5.jpg 1280w, https:\/\/www.chez-claire-et-eric.fr\/wp-content\/uploads\/2022\/04\/appart-Odile-5-300x169.jpg 300w, https:\/\/www.chez-claire-et-eric.fr\/wp-content\/uploads\/2022\/04\/appart-Odile-5-1024x576.jpg 1024w, https:\/\/www.chez-claire-et-eric.fr\/wp-content\/uploads\/2022\/04\/appart-Odile-5-768x432.jpg 768w\" sizes=\"(max-width: 1280px) 100vw, 1280px\" \/><\/a><\/p>\n<ul>\n<li>une chambre avec un lit de 160, c\u00f4t\u00e9 mer<\/li>\n<\/ul>\n<p><a href=\"http:\/\/www.chez-claire-et-eric.fr\/wp-content\/uploads\/2015\/11\/chambre-mer-1.jpg\"><img loading=\"lazy\" decoding=\"async\" class=\"aligncenter size-full wp-image-24\" src=\"http:\/\/www.chez-claire-et-eric.fr\/wp-content\/uploads\/2015\/11\/chambre-mer-1.jpg\" alt=\"\" width=\"2126\" height=\"1417\" srcset=\"https:\/\/www.chez-claire-et-eric.fr\/wp-content\/uploads\/2015\/11\/chambre-mer-1.jpg 2126w, https:\/\/www.chez-claire-et-eric.fr\/wp-content\/uploads\/2015\/11\/chambre-mer-1-300x200.jpg 300w, https:\/\/www.chez-claire-et-eric.fr\/wp-content\/uploads\/2015\/11\/chambre-mer-1-1024x683.jpg 1024w\" sizes=\"(max-width: 2126px) 100vw, 2126px\" \/><\/a><\/p>\n<ul>\n<li>une chambre avec 2 ou 3 lits de 90 (dont 2 jumelables), c\u00f4t\u00e9 jardin<\/li>\n<li>un ou 2 lits d&rsquo;appoint dans le s\u00e9jour (jumelables)<\/li>\n<li>soit un total de <strong>6 couchages<\/strong> (chambres plus s\u00e9jour)<\/li>\n<\/ul>\n<ul>\n<li>une salle de bains avec wc, lavabo, <strong>lave-linge<\/strong>, s\u00e8che-cheveux<\/li>\n<\/ul>\n<p><a href=\"http:\/\/www.chez-claire-et-eric.fr\/wp-content\/uploads\/2022\/04\/appart-Odile-7.jpg\"><img loading=\"lazy\" decoding=\"async\" class=\"aligncenter size-full wp-image-1566\" src=\"http:\/\/www.chez-claire-et-eric.fr\/wp-content\/uploads\/2022\/04\/appart-Odile-7.jpg\" alt=\"\" width=\"1280\" height=\"675\" srcset=\"https:\/\/www.chez-claire-et-eric.fr\/wp-content\/uploads\/2022\/04\/appart-Odile-7.jpg 1280w, https:\/\/www.chez-claire-et-eric.fr\/wp-content\/uploads\/2022\/04\/appart-Odile-7-300x158.jpg 300w, https:\/\/www.chez-claire-et-eric.fr\/wp-content\/uploads\/2022\/04\/appart-Odile-7-1024x540.jpg 1024w, https:\/\/www.chez-claire-et-eric.fr\/wp-content\/uploads\/2022\/04\/appart-Odile-7-768x405.jpg 768w\" sizes=\"(max-width: 1280px) 100vw, 1280px\" \/><\/a><\/p>\n<div><a href=\"http:\/\/www.chez-claire-et-eric.fr\/wp-content\/uploads\/2016\/07\/location-vacances-terre-de-haut-les-saintes-chez-claire-et-eric-5.jpg\" rel=\"attachment wp-att-672\"><img loading=\"lazy\" decoding=\"async\" class=\"size-full wp-image-672 alignnone\" src=\"http:\/\/www.chez-claire-et-eric.fr\/wp-content\/uploads\/2016\/07\/location-vacances-terre-de-haut-les-saintes-chez-claire-et-eric-5.jpg\" alt=\"location vacances terre de haut les saintes chez claire et eric (5)\" width=\"1280\" height=\"960\" srcset=\"https:\/\/www.chez-claire-et-eric.fr\/wp-content\/uploads\/2016\/07\/location-vacances-terre-de-haut-les-saintes-chez-claire-et-eric-5.jpg 1280w, https:\/\/www.chez-claire-et-eric.fr\/wp-content\/uploads\/2016\/07\/location-vacances-terre-de-haut-les-saintes-chez-claire-et-eric-5-300x225.jpg 300w, https:\/\/www.chez-claire-et-eric.fr\/wp-content\/uploads\/2016\/07\/location-vacances-terre-de-haut-les-saintes-chez-claire-et-eric-5-768x576.jpg 768w, https:\/\/www.chez-claire-et-eric.fr\/wp-content\/uploads\/2016\/07\/location-vacances-terre-de-haut-les-saintes-chez-claire-et-eric-5-1024x768.jpg 1024w\" sizes=\"(max-width: 1280px) 100vw, 1280px\" \/><\/a><\/div>\n<div><\/div>\n<div><\/div>\n<ul>\n<li><strong>une grande douche \u00e0 l&rsquo;italienne<\/strong><\/li>\n<\/ul>\n<div><\/div>\n<div><a href=\"http:\/\/www.chez-claire-et-eric.fr\/wp-content\/uploads\/2015\/11\/location-saisonni\u00e8re-les-saintes-chez-claire-et-eric.jpg\" rel=\"attachment wp-att-676\"><img loading=\"lazy\" decoding=\"async\" class=\"size-full wp-image-676 alignnone\" src=\"http:\/\/www.chez-claire-et-eric.fr\/wp-content\/uploads\/2015\/11\/location-saisonni\u00e8re-les-saintes-chez-claire-et-eric.jpg\" alt=\"location saisonni\u00e8re les saintes chez claire et eric\" width=\"731\" height=\"1024\" srcset=\"https:\/\/www.chez-claire-et-eric.fr\/wp-content\/uploads\/2015\/11\/location-saisonni\u00e8re-les-saintes-chez-claire-et-eric.jpg 731w, https:\/\/www.chez-claire-et-eric.fr\/wp-content\/uploads\/2015\/11\/location-saisonni\u00e8re-les-saintes-chez-claire-et-eric-214x300.jpg 214w\" sizes=\"(max-width: 731px) 100vw, 731px\" \/><\/a><\/div>\n<ul>\n<li>septembre 2019 : nouvelle cuisine am\u00e9nag\u00e9e avec int\u00e9gration d&rsquo;un lave-vaisselle<\/li>\n<\/ul>\n<p><a href=\"http:\/\/www.chez-claire-et-eric.fr\/wp-content\/uploads\/2022\/04\/appart-Odile-6.jpg\"><img loading=\"lazy\" decoding=\"async\" class=\"aligncenter size-full wp-image-1565\" src=\"http:\/\/www.chez-claire-et-eric.fr\/wp-content\/uploads\/2022\/04\/appart-Odile-6.jpg\" alt=\"\" width=\"1280\" height=\"720\" srcset=\"https:\/\/www.chez-claire-et-eric.fr\/wp-content\/uploads\/2022\/04\/appart-Odile-6.jpg 1280w, https:\/\/www.chez-claire-et-eric.fr\/wp-content\/uploads\/2022\/04\/appart-Odile-6-300x169.jpg 300w, https:\/\/www.chez-claire-et-eric.fr\/wp-content\/uploads\/2022\/04\/appart-Odile-6-1024x576.jpg 1024w, https:\/\/www.chez-claire-et-eric.fr\/wp-content\/uploads\/2022\/04\/appart-Odile-6-768x432.jpg 768w\" sizes=\"(max-width: 1280px) 100vw, 1280px\" \/><\/a><\/p>\n<ul>\n<li>une\u00a0 terrasse couverte, tr\u00e8s calme, hamac<\/li>\n<\/ul>\n<div><a href=\"http:\/\/www.chez-claire-et-eric.fr\/wp-content\/uploads\/2016\/07\/location-vacances-terre-de-haut-les-saintes-chez-claire-et-eric-4.jpg\" rel=\"attachment wp-att-673\"><img loading=\"lazy\" decoding=\"async\" class=\"size-full wp-image-673 alignnone\" src=\"http:\/\/www.chez-claire-et-eric.fr\/wp-content\/uploads\/2016\/07\/location-vacances-terre-de-haut-les-saintes-chez-claire-et-eric-4.jpg\" alt=\"location vacances terre de haut les saintes chez claire et eric (4)\" width=\"1280\" height=\"959\" srcset=\"https:\/\/www.chez-claire-et-eric.fr\/wp-content\/uploads\/2016\/07\/location-vacances-terre-de-haut-les-saintes-chez-claire-et-eric-4.jpg 1280w, https:\/\/www.chez-claire-et-eric.fr\/wp-content\/uploads\/2016\/07\/location-vacances-terre-de-haut-les-saintes-chez-claire-et-eric-4-300x225.jpg 300w, https:\/\/www.chez-claire-et-eric.fr\/wp-content\/uploads\/2016\/07\/location-vacances-terre-de-haut-les-saintes-chez-claire-et-eric-4-768x575.jpg 768w, https:\/\/www.chez-claire-et-eric.fr\/wp-content\/uploads\/2016\/07\/location-vacances-terre-de-haut-les-saintes-chez-claire-et-eric-4-1024x767.jpg 1024w\" sizes=\"(max-width: 1280px) 100vw, 1280px\" \/><\/a><\/div>\n<p><a href=\"http:\/\/www.chez-claire-et-eric.fr\/wp-content\/uploads\/2015\/11\/terrasse-e1449511140777.jpg\" rel=\"attachment wp-att-35\"><img loading=\"lazy\" decoding=\"async\" class=\"wp-image-35 size-large alignnone\" src=\"http:\/\/www.chez-claire-et-eric.fr\/wp-content\/uploads\/2015\/11\/terrasse-1024x683.jpg\" alt=\"terrasse\" width=\"604\" height=\"403\" \/><\/a><\/p>\n<ul>\n<li>un jardinet<\/li>\n<\/ul>\n<ul>\n<li><strong>parking et prise<\/strong> pour voiturette \u00e9lectrique<\/li>\n<li><strong>lit b\u00e9b\u00e9 avec matelas<\/strong> et moustiquaire \u00e0 disposition, r\u00e9hausseur, baignoire, jouets, livres<\/li>\n<li><strong>linge de maison fourni<\/strong> (draps, serviettes de toilette, torchons, tapis de sol)<\/li>\n<li><strong>masques et tubas \u00e0 votre disposition<\/strong><\/li>\n<li>forfait m\u00e9nage 50 \u20ac \u00e0 ajouter au prix du s\u00e9jour<\/li>\n<\/ul>\n<p><a href=\"http:\/\/www.chez-claire-et-eric.fr\/wp-content\/uploads\/2015\/11\/plan-appart.jpg\" rel=\"attachment wp-att-521\"><img loading=\"lazy\" decoding=\"async\" class=\"size-full wp-image-521 alignnone\" src=\"http:\/\/www.chez-claire-et-eric.fr\/wp-content\/uploads\/2015\/11\/plan-appart.jpg\" alt=\"plan appart\" width=\"886\" height=\"816\" srcset=\"https:\/\/www.chez-claire-et-eric.fr\/wp-content\/uploads\/2015\/11\/plan-appart.jpg 886w, https:\/\/www.chez-claire-et-eric.fr\/wp-content\/uploads\/2015\/11\/plan-appart-300x276.jpg 300w, https:\/\/www.chez-claire-et-eric.fr\/wp-content\/uploads\/2015\/11\/plan-appart-768x707.jpg 768w\" sizes=\"(max-width: 886px) 100vw, 886px\" \/><\/a><\/p>\n","protected":false},"excerpt":{"rendered":"<p>\u00a0 \u00a0 \u00a0 \u00a0 Face \u00e0 la baie des Saintes, avec vue sur la soufri\u00e8re, un appartement de charme enti\u00e8rement climatis\u00e9 Sous une magnifique charpente traditionnelle saintoise, l&rsquo;appartement dispose de : un grand s\u00e9jour\/salle \u00e0 manger\/salon avec une superbe vue sur la baie des Saintes une nouvelle table et une nouvelle vitre pour agrandir la &hellip; <a href=\"https:\/\/www.chez-claire-et-eric.fr\/?page_id=80\" class=\"more-link\">Continuer la lecture<span class=\"screen-reader-text\"> de <span class=\"screen-reader-text\">Le G\u00eete<\/span><\/span>&nbsp;<span class=\"meta-nav\">&rarr;<\/span><\/a><\/p>\n","protected":false},"author":1,"featured_media":0,"parent":0,"menu_order":0,"comment_status":"closed","ping_status":"closed","template":"","meta":{"footnotes":""},"class_list":["post-80","page","type-page","status-publish","hentry"],"_links":{"self":[{"href":"https:\/\/www.chez-claire-et-eric.fr\/index.php?rest_route=\/wp\/v2\/pages\/80"}],"collection":[{"href":"https:\/\/www.chez-claire-et-eric.fr\/index.php?rest_route=\/wp\/v2\/pages"}],"about":[{"href":"https:\/\/www.chez-claire-et-eric.fr\/index.php?rest_route=\/wp\/v2\/types\/page"}],"author":[{"embeddable":true,"href":"https:\/\/www.chez-claire-et-eric.fr\/index.php?rest_route=\/wp\/v2\/users\/1"}],"replies":[{"embeddable":true,"href":"https:\/\/www.chez-claire-et-eric.fr\/index.php?rest_route=%2Fwp%2Fv2%2Fcomments&post=80"}],"version-history":[{"count":73,"href":"https:\/\/www.chez-claire-et-eric.fr\/index.php?rest_route=\/wp\/v2\/pages\/80\/revisions"}],"predecessor-version":[{"id":1686,"href":"https:\/\/www.chez-claire-et-eric.fr\/index.php?rest_route=\/wp\/v2\/pages\/80\/revisions\/1686"}],"wp:attachment":[{"href":"https:\/\/www.chez-claire-et-eric.fr\/index.php?rest_route=%2Fwp%2Fv2%2Fmedia&parent=80"}],"curies":[{"name":"wp","href":"https:\/\/api.w.org\/{rel}","templated":true}]}}