{"id":279,"date":"2015-12-08T14:44:35","date_gmt":"2015-12-08T13:44:35","guid":{"rendered":"http:\/\/www.chez-claire-et-eric.fr\/?page_id=279"},"modified":"2026-04-14T17:46:48","modified_gmt":"2026-04-14T16:46:48","slug":"infos-pratiques","status":"publish","type":"page","link":"https:\/\/www.chez-claire-et-eric.fr\/?page_id=279","title":{"rendered":"Infos pratiques"},"content":{"rendered":"<p><strong>\u00a0\u00a0 Sant\u00e9,\u00a0 bien-\u00eatre :<\/strong><\/p>\n<ul>\n<li>m\u00e9decins : Dr Levy-Loeb et Victoria Otto, au dispensaire :\u00a0<span class=\"coord-numero noTrad\">05 90 99 50 39<\/span><\/li>\n<li>dentistes : Mr et Mme Conscience : 0590 26 55 52<\/li>\n<li>pompiers : 18<\/li>\n<li>pharmacie (ouverte du lundi au samedi midi)<\/li>\n<li>relaxation, massage : Tiphaine 06 90 84 51 33, Christelle : 0690 35 02 92<\/li>\n<li>kin\u00e9sith\u00e9rapeutes<\/li>\n<li>infirmi\u00e8res<\/li>\n<\/ul>\n<p><strong> Restaurants :\u00a0<\/strong> pensez \u00e0 r\u00e9server si vous \u00eates nombreux et sachez que la plupart ne servent plus apr\u00e8s 13h30 le midi et 20h30 le soir.<\/p>\n<p><strong>Epiceries : <\/strong>certaines peuvent livrer vos courses \u00e0 l&rsquo;appartement (demandez \u00e0 la caisse) et font d\u00e9p\u00f4t de pain, sinon il existe 1 boulangerie : Ti-Saintois (ouverte jusqu&rsquo;\u00e0 12h30)<\/p>\n<p><strong>D\u00e9placements : <\/strong>la marche est la plus appropri\u00e9e mais l\u2019\u00eele, toute en reliefs, peut d\u00e9courager les moins sportifs et les enfants.<\/p>\n<p>Vous pouvez louer :<\/p>\n<ul>\n<li>un scooter : chez Rodolphe scooter : 0590 99 50 42<\/li>\n<li>un v\u00e9lo \u00e9lectrique :\u00a0<strong> Tija location TMS : 0690 65 06 <a href=\"https:\/\/tmslocation.com\/\">https:\/\/tmslocation.com\/<\/a>\u00a0 transfert et consignes de bagages\u00a0<\/strong> ( route \u00e0 droite de la mairie), Rodolphe scooter,\u00a0 Sunsea balado : 0690 82 62 72 <a href=\"http:\/\/www.chez-claire-et-eric.fr\/wp-content\/uploads\/2025\/04\/490135672_122124065456659620_4416761384758557120_n.jpg\"><img loading=\"lazy\" decoding=\"async\" class=\"aligncenter size-full wp-image-1711\" src=\"http:\/\/www.chez-claire-et-eric.fr\/wp-content\/uploads\/2025\/04\/490135672_122124065456659620_4416761384758557120_n.jpg\" alt=\"\" width=\"600\" height=\"855\" srcset=\"https:\/\/www.chez-claire-et-eric.fr\/wp-content\/uploads\/2025\/04\/490135672_122124065456659620_4416761384758557120_n.jpg 600w, https:\/\/www.chez-claire-et-eric.fr\/wp-content\/uploads\/2025\/04\/490135672_122124065456659620_4416761384758557120_n-211x300.jpg 211w\" sizes=\"(max-width: 600px) 100vw, 600px\" \/><\/a><\/li>\n<li>une voiture \u00e9lectrique : , green car : 0590 92 08 20, Aqua-blue : 0690 331 320 \/ 0690 502 493, location voiturette :\u00a0<a href=\"https:\/\/www.locationvoituretteslessaintes.com\/main\/fr\/index.php\">https:\/\/www.locationvoituretteslessaintes.com\/main\/fr\/index.php<\/a><\/li>\n<\/ul>\n<p>Eco location : 0690 81 22 25 ou 0690 75 32 09\u00a0 mail : ecolocation971@gmail.conm<\/p>\n<p><strong><em>Pensez \u00e0 r\u00e9server votre v\u00e9hicule avant votre arriv\u00e9e.<\/em><\/strong><\/p>\n<p>Vous pouvez \u00e9galement visiter l&rsquo;\u00eele avec un guide en\u00a0<strong>mini-bus :<\/strong><\/p>\n<ul>\n<li>Richard Vincent : 0690 37 95 94<\/li>\n<li>Charly transport : 0690 14 15 17\u00a0 (propose \u00e9galement des sorties en mer : archipel des Saintes et Marie Galante)<\/li>\n<li>Bertrand Sigiscar : 0690 44 18 22<\/li>\n<\/ul>\n<p><strong>NOUVEAU et pratique : une petite navette <\/strong>peut vous amener pour quelques euros aux extr\u00e9mit\u00e9s de l&rsquo;ile.<\/p>\n<p><a href=\"http:\/\/www.chez-claire-et-eric.fr\/wp-content\/uploads\/2025\/01\/Navette-des-Saintes-avec-arret.jpg\"><img loading=\"lazy\" decoding=\"async\" class=\"aligncenter size-full wp-image-1697\" src=\"http:\/\/www.chez-claire-et-eric.fr\/wp-content\/uploads\/2025\/01\/Navette-des-Saintes-avec-arret.jpg\" alt=\"\" width=\"2048\" height=\"1444\" srcset=\"https:\/\/www.chez-claire-et-eric.fr\/wp-content\/uploads\/2025\/01\/Navette-des-Saintes-avec-arret.jpg 2048w, https:\/\/www.chez-claire-et-eric.fr\/wp-content\/uploads\/2025\/01\/Navette-des-Saintes-avec-arret-300x212.jpg 300w, https:\/\/www.chez-claire-et-eric.fr\/wp-content\/uploads\/2025\/01\/Navette-des-Saintes-avec-arret-1024x722.jpg 1024w, https:\/\/www.chez-claire-et-eric.fr\/wp-content\/uploads\/2025\/01\/Navette-des-Saintes-avec-arret-768x542.jpg 768w, https:\/\/www.chez-claire-et-eric.fr\/wp-content\/uploads\/2025\/01\/Navette-des-Saintes-avec-arret-1536x1083.jpg 1536w\" sizes=\"(max-width: 2048px) 100vw, 2048px\" \/><\/a><\/p>\n<p><strong>H\u00e9bergements <\/strong>: 3 autres h\u00e9bergements sont disponibles dans la villa chez\u00a0 Fran\u00e7oise 0690 46 29 19.<\/p>\n<p><strong>\u00a0Autres infos utiles : <\/strong><\/p>\n<p>Terre de Haut recycle les d\u00e9chets. Merci de les trier :\u00a0 les emballages et le verre sont \u00e0 d\u00e9poser \u00e0 la d\u00e9chetterie tous les matins (sauf le dimanche et les jours f\u00e9ri\u00e9s ) et les apr\u00e8s-midi du lundi mardi et jeudi et les ordures m\u00e9nag\u00e8res dans les conteners \u00e0 quelques m\u00e8tres de l&rsquo;appartement.<\/p>\n<p>L&rsquo;eau du robinet est consommable.<\/p>\n<p>D\u00e9calage horaire : aux Saintes il est 5 h plus t\u00f4t qu&rsquo;en m\u00e9tropole en hiver et 6 h en \u00e9t\u00e9.<\/p>\n","protected":false},"excerpt":{"rendered":"<p>\u00a0\u00a0 Sant\u00e9,\u00a0 bien-\u00eatre : m\u00e9decins : Dr Levy-Loeb et Victoria Otto, au dispensaire :\u00a005 90 99 50 39 dentistes : Mr et Mme Conscience : 0590 26 55 52 pompiers : 18 pharmacie (ouverte du lundi au samedi midi) relaxation, massage : Tiphaine 06 90 84 51 33, Christelle : 0690 35 02 92 kin\u00e9sith\u00e9rapeutes &hellip; <a href=\"https:\/\/www.chez-claire-et-eric.fr\/?page_id=279\" class=\"more-link\">Continuer la lecture<span class=\"screen-reader-text\"> de <span class=\"screen-reader-text\">Infos pratiques<\/span><\/span>&nbsp;<span class=\"meta-nav\">&rarr;<\/span><\/a><\/p>\n","protected":false},"author":1,"featured_media":0,"parent":134,"menu_order":0,"comment_status":"closed","ping_status":"closed","template":"","meta":{"footnotes":""},"class_list":["post-279","page","type-page","status-publish","hentry"],"_links":{"self":[{"href":"https:\/\/www.chez-claire-et-eric.fr\/index.php?rest_route=\/wp\/v2\/pages\/279"}],"collection":[{"href":"https:\/\/www.chez-claire-et-eric.fr\/index.php?rest_route=\/wp\/v2\/pages"}],"about":[{"href":"https:\/\/www.chez-claire-et-eric.fr\/index.php?rest_route=\/wp\/v2\/types\/page"}],"author":[{"embeddable":true,"href":"https:\/\/www.chez-claire-et-eric.fr\/index.php?rest_route=\/wp\/v2\/users\/1"}],"replies":[{"embeddable":true,"href":"https:\/\/www.chez-claire-et-eric.fr\/index.php?rest_route=%2Fwp%2Fv2%2Fcomments&post=279"}],"version-history":[{"count":49,"href":"https:\/\/www.chez-claire-et-eric.fr\/index.php?rest_route=\/wp\/v2\/pages\/279\/revisions"}],"predecessor-version":[{"id":1752,"href":"https:\/\/www.chez-claire-et-eric.fr\/index.php?rest_route=\/wp\/v2\/pages\/279\/revisions\/1752"}],"up":[{"embeddable":true,"href":"https:\/\/www.chez-claire-et-eric.fr\/index.php?rest_route=\/wp\/v2\/pages\/134"}],"wp:attachment":[{"href":"https:\/\/www.chez-claire-et-eric.fr\/index.php?rest_route=%2Fwp%2Fv2%2Fmedia&parent=279"}],"curies":[{"name":"wp","href":"https:\/\/api.w.org\/{rel}","templated":true}]}}