{"id":150,"date":"2015-11-27T09:39:58","date_gmt":"2015-11-27T08:39:58","guid":{"rendered":"http:\/\/www.chez-claire-et-eric.fr\/?page_id=150"},"modified":"2016-02-19T16:34:16","modified_gmt":"2016-02-19T15:34:16","slug":"claire-eric","status":"publish","type":"page","link":"https:\/\/www.chez-claire-et-eric.fr\/?page_id=150","title":{"rendered":"Claire &#038; Eric"},"content":{"rendered":"<p><a href=\"http:\/\/www.chez-claire-et-eric.fr\/wp-content\/uploads\/2015\/11\/DSC_8880c.jpg\"><img loading=\"lazy\" decoding=\"async\" class=\"alignnone wp-image-223 size-thumbnail\" src=\"http:\/\/www.chez-claire-et-eric.fr\/wp-content\/uploads\/2015\/11\/DSC_8880c-150x150.jpg\" alt=\"DSC_8880c\" width=\"150\" height=\"150\" srcset=\"https:\/\/www.chez-claire-et-eric.fr\/wp-content\/uploads\/2015\/11\/DSC_8880c-150x150.jpg 150w, https:\/\/www.chez-claire-et-eric.fr\/wp-content\/uploads\/2015\/11\/DSC_8880c-300x300.jpg 300w, https:\/\/www.chez-claire-et-eric.fr\/wp-content\/uploads\/2015\/11\/DSC_8880c-1024x1024.jpg 1024w\" sizes=\"(max-width: 150px) 100vw, 150px\" \/><\/a><\/p>\n<div><strong><a href=\"https:\/\/www.facebook.com\/C.Jeuffroy\" target=\"_blank\">Claire<\/a><\/strong> est arriv\u00e9e en 1995 en Guadeloupe pour exercer son m\u00e9tier de<\/div>\n<div>monitrice de plong\u00e9e. Elle fait le tour de la Grande et de la Basse Terre,<\/div>\n<div>de Marie galante, avant de s&rsquo;installer \u00e0 Terre de Haut, s\u00e9duite par l&rsquo;ile et<\/div>\n<div>la richesse de ses fonds sous-marins. Passionn\u00e9e par la mer et la nature,<\/div>\n<div>elle immortalise leur beaut\u00e9 par des photos. Son livre : <a href=\"https:\/\/www.youtube.com\/watch?v=G5R2XmVdJE0&amp;feature=share\" target=\"_blank\">\u00ab\u00a0Couleurs marines\u00a0\u00bb<\/a>,<\/div>\n<div>vous guidera dans la d\u00e9couverte de la vie sous-marine.<\/div>\n<div>Retrouvez ses albums photos sur facebook : Claire jeuffroy<\/div>\n<div><strong>\u00a0 \u00a0 \u00a0 \u00a0 \u00a0 \u00a0<\/strong><\/div>\n<div><\/div>\n<div>\n<div><a href=\"http:\/\/www.chez-claire-et-eric.fr\/wp-content\/uploads\/2015\/11\/DSC_8887b.jpg\"><img loading=\"lazy\" decoding=\"async\" class=\"alignnone wp-image-224 size-thumbnail\" src=\"http:\/\/www.chez-claire-et-eric.fr\/wp-content\/uploads\/2015\/11\/DSC_8887b-150x150.jpg\" alt=\"DSC_8887b\" width=\"150\" height=\"150\" srcset=\"https:\/\/www.chez-claire-et-eric.fr\/wp-content\/uploads\/2015\/11\/DSC_8887b-150x150.jpg 150w, https:\/\/www.chez-claire-et-eric.fr\/wp-content\/uploads\/2015\/11\/DSC_8887b-300x300.jpg 300w, https:\/\/www.chez-claire-et-eric.fr\/wp-content\/uploads\/2015\/11\/DSC_8887b-1024x1024.jpg 1024w, https:\/\/www.chez-claire-et-eric.fr\/wp-content\/uploads\/2015\/11\/DSC_8887b.jpg 1956w\" sizes=\"(max-width: 150px) 100vw, 150px\" \/><\/a><\/div>\n<div><strong> \u00a0 \u00a0 \u00a0 \u00a0<\/strong><\/div>\n<div>Amoureux des Antilles depuis 20 ans, <strong>Eric<\/strong> y a multipli\u00e9 ses s\u00e9jours. Son<\/div>\n<div>r\u00eave : s&rsquo;installer en Guadeloupe et s&rsquo;occuper de g\u00eetes touristiques.\u00a0\u00a0En<\/div>\n<div>2011, il pose ses valises et s&rsquo;installe avec Claire \u00e0 Terre de Haut. En plus<\/div>\n<div>d&rsquo;\u00eatre moniteur de plong\u00e9e, Eric est un excellent bricoleur. En 2015, il<\/div>\n<div>peut enfin r\u00e9aliser son r\u00eave avec le g\u00eete chez Claire &amp; Eric. Il le r\u00e9nove<\/div>\n<div>et l&rsquo;am\u00e9nage avec gout pour le bonheur de ses locataires. Excellent<\/div>\n<div>marin, Eric se fera un plaisir de vous accompagner avec son embarcation<\/div>\n<div>pour vous faire d\u00e9couvrir la splendeur de la vie sous-marine et des c\u00f4tes<\/div>\n<div>saintoises.<\/div>\n<div><\/div>\n<\/div>\n","protected":false},"excerpt":{"rendered":"<p>Claire est arriv\u00e9e en 1995 en Guadeloupe pour exercer son m\u00e9tier de monitrice de plong\u00e9e. Elle fait le tour de la Grande et de la Basse Terre, de Marie galante, avant de s&rsquo;installer \u00e0 Terre de Haut, s\u00e9duite par l&rsquo;ile et la richesse de ses fonds sous-marins. Passionn\u00e9e par la mer et la nature, elle &hellip; <a href=\"https:\/\/www.chez-claire-et-eric.fr\/?page_id=150\" class=\"more-link\">Continuer la lecture<span class=\"screen-reader-text\"> de <span class=\"screen-reader-text\">Claire &#038; Eric<\/span><\/span>&nbsp;<span class=\"meta-nav\">&rarr;<\/span><\/a><\/p>\n","protected":false},"author":1,"featured_media":0,"parent":0,"menu_order":0,"comment_status":"closed","ping_status":"closed","template":"","meta":{"footnotes":""},"class_list":["post-150","page","type-page","status-publish","hentry"],"_links":{"self":[{"href":"https:\/\/www.chez-claire-et-eric.fr\/index.php?rest_route=\/wp\/v2\/pages\/150"}],"collection":[{"href":"https:\/\/www.chez-claire-et-eric.fr\/index.php?rest_route=\/wp\/v2\/pages"}],"about":[{"href":"https:\/\/www.chez-claire-et-eric.fr\/index.php?rest_route=\/wp\/v2\/types\/page"}],"author":[{"embeddable":true,"href":"https:\/\/www.chez-claire-et-eric.fr\/index.php?rest_route=\/wp\/v2\/users\/1"}],"replies":[{"embeddable":true,"href":"https:\/\/www.chez-claire-et-eric.fr\/index.php?rest_route=%2Fwp%2Fv2%2Fcomments&post=150"}],"version-history":[{"count":16,"href":"https:\/\/www.chez-claire-et-eric.fr\/index.php?rest_route=\/wp\/v2\/pages\/150\/revisions"}],"predecessor-version":[{"id":607,"href":"https:\/\/www.chez-claire-et-eric.fr\/index.php?rest_route=\/wp\/v2\/pages\/150\/revisions\/607"}],"wp:attachment":[{"href":"https:\/\/www.chez-claire-et-eric.fr\/index.php?rest_route=%2Fwp%2Fv2%2Fmedia&parent=150"}],"curies":[{"name":"wp","href":"https:\/\/api.w.org\/{rel}","templated":true}]}}